{"id":26,"date":"2016-11-20T13:52:57","date_gmt":"2016-11-20T12:52:57","guid":{"rendered":"http:\/\/www.histoiredyvoir.fr\/?page_id=26"},"modified":"2022-07-06T14:56:38","modified_gmt":"2022-07-06T12:56:38","slug":"contact","status":"publish","type":"page","link":"https:\/\/www.histoiredyvoir.fr\/index.php\/contact\/","title":{"rendered":"Contact"},"content":{"rendered":"<div id=\"pl-26\"  class=\"panel-layout\" ><div id=\"pg-26-0\"  class=\"panel-grid panel-has-style\" ><div class=\"siteorigin-panels-stretch panel-row-style panel-row-style-for-26-0\" data-stretch-type=\"full\" ><div id=\"pgc-26-0-0\"  class=\"panel-grid-cell\" ><div id=\"panel-26-0-0-0\" class=\"so-panel widget widget_sow-google-map panel-first-child panel-last-child\" data-index=\"0\" ><div\n\t\t\t\n\t\t\tclass=\"so-widget-sow-google-map so-widget-sow-google-map-default-650dde2fbff6-26\"\n\t\t\t\n\t\t>\n<div class=\"sow-google-map-canvas\"\n\tstyle=\"\"\n\tid=\"map-canvas-da3486220b998851a7b3ef5831a6b08a\"\n\tdata-options=\"{&quot;address&quot;:&quot;57 rue achille pinteaux wavrin&quot;,&quot;zoom&quot;:16,&quot;mobileZoom&quot;:16,&quot;gestureHandling&quot;:&quot;greedy&quot;,&quot;disableUi&quot;:false,&quot;markerIcon&quot;:&quot;&quot;,&quot;markersDraggable&quot;:false,&quot;markerAtCenter&quot;:true,&quot;markerInfoDisplay&quot;:&quot;click&quot;,&quot;markerInfoMultiple&quot;:true,&quot;markerPositions&quot;:&quot;&quot;,&quot;mapName&quot;:&quot;&quot;,&quot;mapStyles&quot;:&quot;&quot;,&quot;directions&quot;:&quot;&quot;,&quot;apiKey&quot;:&quot;AIzaSyCbw_-R3Q6Q7o4ju6ewJLkcWuIVsjngKJ0&quot;,&quot;breakpoint&quot;:780}\"\n\tdata-fallback-image=\"{&quot;img&quot;:&quot;&quot;}\"><\/div>\n<\/div><\/div><\/div><div id=\"pgc-26-0-1\"  class=\"panel-grid-cell\" ><div id=\"panel-26-0-1-0\" class=\"so-panel widget widget_text panel-first-child panel-last-child\" data-index=\"1\" ><h3 class=\"widget-title\">Merci de remplir le formulaire ci dessous. Nous vous r\u00e9pondrons dans les plus brefs d\u00e9lais.<\/h3>\t\t\t<div class=\"textwidget\">\n<div class=\"wpcf7 no-js\" id=\"wpcf7-f4-o1\" lang=\"fr-FR\" dir=\"ltr\">\n<div class=\"screen-reader-response\"><p role=\"status\" aria-live=\"polite\" aria-atomic=\"true\"><\/p> <ul><\/ul><\/div>\n<form action=\"\/index.php\/wp-json\/wp\/v2\/pages\/26#wpcf7-f4-o1\" method=\"post\" class=\"wpcf7-form init\" aria-label=\"Formulaire de contact\" novalidate=\"novalidate\" data-status=\"init\">\n<div style=\"display: none;\">\n<input type=\"hidden\" name=\"_wpcf7\" value=\"4\" \/>\n<input type=\"hidden\" name=\"_wpcf7_version\" value=\"5.8.7\" \/>\n<input type=\"hidden\" name=\"_wpcf7_locale\" value=\"fr_FR\" \/>\n<input type=\"hidden\" name=\"_wpcf7_unit_tag\" value=\"wpcf7-f4-o1\" \/>\n<input type=\"hidden\" name=\"_wpcf7_container_post\" value=\"0\" \/>\n<input type=\"hidden\" name=\"_wpcf7_posted_data_hash\" value=\"\" \/>\n<\/div>\n<p>Votre nom (obligatoire)\n<\/p>\n<p><span class=\"wpcf7-form-control-wrap\" data-name=\"your-name\"><input size=\"40\" class=\"wpcf7-form-control wpcf7-text wpcf7-validates-as-required\" aria-required=\"true\" aria-invalid=\"false\" value=\"\" type=\"text\" name=\"your-name\" \/><\/span>\n<\/p>\n<p>Votre email (obligatoire)\n<\/p>\n<p><span class=\"wpcf7-form-control-wrap\" data-name=\"your-email\"><input size=\"40\" class=\"wpcf7-form-control wpcf7-email wpcf7-validates-as-required wpcf7-text wpcf7-validates-as-email\" aria-required=\"true\" aria-invalid=\"false\" value=\"\" type=\"email\" name=\"your-email\" \/><\/span>\n<\/p>\n<p>Sujet\n<\/p>\n<p><span class=\"wpcf7-form-control-wrap\" data-name=\"your-subject\"><input size=\"40\" class=\"wpcf7-form-control wpcf7-text\" aria-invalid=\"false\" value=\"\" type=\"text\" name=\"your-subject\" \/><\/span>\n<\/p>\n<p>Votre message\n<\/p>\n<p><span class=\"wpcf7-form-control-wrap\" data-name=\"your-message\"><textarea cols=\"40\" rows=\"10\" class=\"wpcf7-form-control wpcf7-textarea\" aria-invalid=\"false\" name=\"your-message\"><\/textarea><\/span>\n<\/p>\n<p><input class=\"wpcf7-form-control wpcf7-submit has-spinner\" type=\"submit\" value=\"Envoyer\" \/>\n<\/p><p style=\"display: none !important;\" class=\"akismet-fields-container\" data-prefix=\"_wpcf7_ak_\"><label>&#916;<textarea name=\"_wpcf7_ak_hp_textarea\" cols=\"45\" rows=\"8\" maxlength=\"100\"><\/textarea><\/label><input type=\"hidden\" id=\"ak_js_1\" name=\"_wpcf7_ak_js\" value=\"159\"\/><script>document.getElementById( \"ak_js_1\" ).setAttribute( \"value\", ( new Date() ).getTime() );<\/script><\/p><input type=\"text\" name=\"S9rqO\" value=\"\" style=\"display: none !important;\" \/><div class=\"wpcf7-response-output\" aria-hidden=\"true\"><\/div>\n<\/form>\n<\/div>\n<\/div>\n\t\t<\/div><\/div><div id=\"pgc-26-0-2\"  class=\"panel-grid-cell\" ><div id=\"panel-26-0-2-0\" class=\"so-panel widget widget_siteorigin-panels-builder panel-first-child panel-last-child\" data-index=\"2\" ><div id=\"pl-w62c586864c2d4\"  class=\"panel-layout\" ><div id=\"pg-w62c586864c2d4-0\"  class=\"panel-grid panel-no-style\" ><div id=\"pgc-w62c586864c2d4-0-0\"  class=\"panel-grid-cell\" ><div id=\"panel-w62c586864c2d4-0-0-0\" class=\"so-panel widget widget_text panel-first-child panel-last-child\" data-index=\"0\" ><h3 class=\"widget-title\">T\u00e9l\u00e9phone :<\/h3>\t\t\t<div class=\"textwidget\">03 20 58 71 56<\/div>\n\t\t<\/div><\/div><\/div><div id=\"pg-w62c586864c2d4-1\"  class=\"panel-grid panel-no-style\" ><div id=\"pgc-w62c586864c2d4-1-0\"  class=\"panel-grid-cell\" ><div id=\"panel-w62c586864c2d4-1-0-0\" class=\"so-panel widget widget_text panel-first-child panel-last-child\" data-index=\"1\" ><h3 class=\"widget-title\">Email :<\/h3>\t\t\t<div class=\"textwidget\"><p>vahina.sochet@orange.fr<\/p>\n<\/div>\n\t\t<\/div><\/div><\/div><div id=\"pg-w62c586864c2d4-2\"  class=\"panel-grid panel-no-style\" ><div id=\"pgc-w62c586864c2d4-2-0\"  class=\"panel-grid-cell\" ><div id=\"panel-w62c586864c2d4-2-0-0\" class=\"so-panel widget widget_text panel-first-child panel-last-child\" data-index=\"2\" ><h3 class=\"widget-title\">Adresse :<\/h3>\t\t\t<div class=\"textwidget\">57, rue Achille Pinteaux\n59136 Wavrin<\/div>\n\t\t<\/div><\/div><\/div><div id=\"pg-w62c586864c2d4-3\"  class=\"panel-grid panel-no-style\" ><div id=\"pgc-w62c586864c2d4-3-0\"  class=\"panel-grid-cell\" ><div id=\"panel-w62c586864c2d4-3-0-0\" class=\"so-panel widget widget_text panel-first-child panel-last-child\" data-index=\"3\" ><h3 class=\"widget-title\">Horaires d&rsquo;ouverture :<\/h3>\t\t\t<div class=\"textwidget\">Ferm\u00e9 le lundi<br>\n<br>\nMardi  : 9h30\/12h 14h30\/19h<br>\n<br>\nMercredi: 9h30\/12h 14h30\/19h<br>\n<br>\nJeudi : 9h30\/12h 14h30\/19h<br>\n<br>\nVendredi : 9h30\/12h 14h30\/19h<br>\n<br>\nSamedi : 9h30\/12h 14h30\/19h<br><\/div>\n\t\t<\/div><\/div><\/div><div id=\"pg-w62c586864c2d4-4\"  class=\"panel-grid panel-no-style\" ><div id=\"pgc-w62c586864c2d4-4-0\"  class=\"panel-grid-cell\" ><div id=\"panel-w62c586864c2d4-4-0-0\" class=\"so-panel widget widget_text panel-first-child\" data-index=\"4\" ><h3 class=\"widget-title\">R\u00e9seaux sociaux<\/h3>\t\t\t<div class=\"textwidget\"><\/div>\n\t\t<\/div><div id=\"panel-w62c586864c2d4-4-0-1\" class=\"so-panel widget widget_sow-social-media-buttons panel-last-child\" data-index=\"5\" ><div\n\t\t\t\n\t\t\tclass=\"so-widget-sow-social-media-buttons so-widget-sow-social-media-buttons-flat-e22380054946\"\n\t\t\t\n\t\t>\n\n<div class=\"social-media-button-container\">\n\t\n\t\t<a class=\"ow-button-hover sow-social-media-button-facebook-0 sow-social-media-button\" title=\"Histoire d&#039;y Voir sur Facebook\" aria-label=\"Histoire d&#039;y Voir sur Facebook\" target=\"_blank\" rel=\"noopener noreferrer\" href=\"https:\/\/www.facebook.com\/HistoireDyVoir\" >\n\t\t\t<span>\n\t\t\t\t\t\t\t\t<span class=\"sow-icon-fontawesome sow-fab\" data-sow-icon=\"&#xf39e;\"\n\t\t \n\t\taria-hidden=\"true\"><\/span>\t\t\t\t\t\t\t<\/span>\n\t\t<\/a>\n\t\n\t\t<a class=\"ow-button-hover sow-social-media-button-x-twitter-0 sow-social-media-button\" title=\"Histoire d&#039;y Voir sur X Twitter\" aria-label=\"Histoire d&#039;y Voir sur X Twitter\" target=\"_blank\" rel=\"noopener noreferrer\" href=\"https:\/\/twitter.com\/\" >\n\t\t\t<span>\n\t\t\t\t\t\t\t\t<span class=\"sow-icon-fontawesome sow-fab\" data-sow-icon=\"&#xe61b;\"\n\t\t \n\t\taria-hidden=\"true\"><\/span>\t\t\t\t\t\t\t<\/span>\n\t\t<\/a>\n\t\n\t\t<a class=\"ow-button-hover sow-social-media-button-google-0 sow-social-media-button\" title=\"Histoire d&#039;y Voir sur Google\" aria-label=\"Histoire d&#039;y Voir sur Google\" target=\"_blank\" rel=\"noopener noreferrer\" href=\"https:\/\/plus.google.com\/\" >\n\t\t\t<span>\n\t\t\t\t\t\t\t\t<span class=\"sow-icon-fontawesome sow-fab\" data-sow-icon=\"&#xf1a0;\"\n\t\t \n\t\taria-hidden=\"true\"><\/span>\t\t\t\t\t\t\t<\/span>\n\t\t<\/a>\n\t<\/div>\n<\/div><\/div><\/div><\/div><\/div><\/div><\/div><\/div><\/div><div id=\"pg-26-1\"  class=\"panel-grid panel-has-style\" ><div class=\"siteorigin-panels-stretch panel-row-style panel-row-style-for-26-1\" data-stretch-type=\"full\" ><div id=\"pgc-26-1-0\"  class=\"panel-grid-cell\" ><div id=\"panel-26-1-0-0\" class=\"so-panel widget widget_sow-social-media-buttons panel-first-child panel-last-child\" data-index=\"3\" ><div\n\t\t\t\n\t\t\tclass=\"so-widget-sow-social-media-buttons so-widget-sow-social-media-buttons-flat-91cbe891e0dd-26\"\n\t\t\t\n\t\t>\n\n<div class=\"social-media-button-container\">\n\t\n\t\t<a class=\"ow-button-hover sow-social-media-button-facebook-0 sow-social-media-button\" title=\"Histoire d&#039;y Voir sur Facebook\" aria-label=\"Histoire d&#039;y Voir sur Facebook\" target=\"_blank\" rel=\"noopener noreferrer\" href=\"http:\/\/facebook.com\/histoiredyvoir\" >\n\t\t\t<span>\n\t\t\t\t\t\t\t\t<span class=\"sow-icon-fontawesome sow-fab\" data-sow-icon=\"&#xf39e;\"\n\t\t \n\t\taria-hidden=\"true\"><\/span>\t\t\t\t\t\t\t<\/span>\n\t\t<\/a>\n\t\n\t\t<a class=\"ow-button-hover sow-social-media-button-google-0 sow-social-media-button\" title=\"Histoire d&#039;y Voir sur Google\" aria-label=\"Histoire d&#039;y Voir sur Google\" target=\"_blank\" rel=\"noopener noreferrer\" href=\"http:\/\/google.com\" >\n\t\t\t<span>\n\t\t\t\t\t\t\t\t<span class=\"sow-icon-fontawesome sow-fab\" data-sow-icon=\"&#xf1a0;\"\n\t\t \n\t\taria-hidden=\"true\"><\/span>\t\t\t\t\t\t\t<\/span>\n\t\t<\/a>\n\t\n\t\t<a class=\"ow-button-hover sow-social-media-button-x-twitter-0 sow-social-media-button\" title=\"Histoire d&#039;y Voir sur X Twitter\" aria-label=\"Histoire d&#039;y Voir sur X Twitter\" target=\"_blank\" rel=\"noopener noreferrer\" href=\"https:\/\/twitter.com\/twitter.com\" >\n\t\t\t<span>\n\t\t\t\t\t\t\t\t<span class=\"sow-icon-fontawesome sow-fab\" data-sow-icon=\"&#xe61b;\"\n\t\t \n\t\taria-hidden=\"true\"><\/span>\t\t\t\t\t\t\t<\/span>\n\t\t<\/a>\n\t\n\t\t<a class=\"ow-button-hover sow-social-media-button-envelope-0 sow-social-media-button\" title=\"Histoire d&#039;y Voir sur Envelope\" aria-label=\"Histoire d&#039;y Voir sur Envelope\" target=\"_blank\" rel=\"noopener noreferrer\" href=\"mailto:contact@histoiredyvoir.fr\" >\n\t\t\t<span>\n\t\t\t\t\t\t\t\t<span class=\"sow-icon-fontawesome sow-fas\" data-sow-icon=\"&#xf0e0;\"\n\t\t \n\t\taria-hidden=\"true\"><\/span>\t\t\t\t\t\t\t<\/span>\n\t\t<\/a>\n\t<\/div>\n<\/div><\/div><\/div><\/div><\/div><\/div>","protected":false},"excerpt":{"rendered":"<p>Merci de remplir le formulaire ci dessous. Nous vous r\u00e9pondrons dans les plus brefs d\u00e9lais. Votre nom (obligatoire) Votre email (obligatoire) Sujet Votre message &#916; T\u00e9l\u00e9phone : 03 20 58 71 56 Email : vahina.sochet@orange.fr Adresse : 57, rue Achille Pinteaux 59136 Wavrin Horaires d&rsquo;ouverture : Ferm\u00e9 le lundi Mardi : 9h30\/12h 14h30\/19h Mercredi: 9h30\/12h [&hellip;]<\/p>\n","protected":false},"author":1,"featured_media":0,"parent":0,"menu_order":0,"comment_status":"closed","ping_status":"closed","template":"template-full-width.php","meta":{"footnotes":""},"jetpack_sharing_enabled":true,"_links":{"self":[{"href":"https:\/\/www.histoiredyvoir.fr\/index.php\/wp-json\/wp\/v2\/pages\/26"}],"collection":[{"href":"https:\/\/www.histoiredyvoir.fr\/index.php\/wp-json\/wp\/v2\/pages"}],"about":[{"href":"https:\/\/www.histoiredyvoir.fr\/index.php\/wp-json\/wp\/v2\/types\/page"}],"author":[{"embeddable":true,"href":"https:\/\/www.histoiredyvoir.fr\/index.php\/wp-json\/wp\/v2\/users\/1"}],"replies":[{"embeddable":true,"href":"https:\/\/www.histoiredyvoir.fr\/index.php\/wp-json\/wp\/v2\/comments?post=26"}],"version-history":[{"count":10,"href":"https:\/\/www.histoiredyvoir.fr\/index.php\/wp-json\/wp\/v2\/pages\/26\/revisions"}],"predecessor-version":[{"id":399,"href":"https:\/\/www.histoiredyvoir.fr\/index.php\/wp-json\/wp\/v2\/pages\/26\/revisions\/399"}],"wp:attachment":[{"href":"https:\/\/www.histoiredyvoir.fr\/index.php\/wp-json\/wp\/v2\/media?parent=26"}],"curies":[{"name":"wp","href":"https:\/\/api.w.org\/{rel}","templated":true}]}}