{"id":48,"date":"2016-11-20T15:30:58","date_gmt":"2016-11-20T14:30:58","guid":{"rendered":"http:\/\/www.histoiredyvoir.fr\/?page_id=48"},"modified":"2016-11-20T15:33:32","modified_gmt":"2016-11-20T14:33:32","slug":"cookies","status":"publish","type":"page","link":"https:\/\/www.histoiredyvoir.fr\/index.php\/cookies\/","title":{"rendered":"Cookies"},"content":{"rendered":"<p>MENTIONS RELATIVES AUX COOKIES<\/p>\n<p>&lt;strong&gt;Qu\u2019est-ce qu\u2019un cookie et \u00e0 quoi sert-il ?&lt;\/strong&gt;<\/p>\n<p>Un cookie (ou t\u00e9moin de connexion) est un fichier texte susceptible d\u2019\u00eatre enregistr\u00e9, sous r\u00e9serve de vos choix, dans un espace d\u00e9di\u00e9 du disque dur de votre terminal (ordinateur, tablette \u2026) \u00e0 l\u2019occasion de la consultation d\u2019un service en ligne gr\u00e2ce \u00e0 votre logiciel de navigation.<br \/>\nIl est transmis par le serveur d\u2019un site internet \u00e0 votre navigateur. A chaque cookie est attribu\u00e9 un identifiant anonyme. Le fichier cookie permet \u00e0 son \u00e9metteur d\u2019identifier le terminal dans lequel il est enregistr\u00e9 pendant la dur\u00e9e de validit\u00e9 ou d\u2019enregistrement du cookie concern\u00e9. Un cookie ne permet pas de remonter \u00e0 une personne physique.<br \/>\nLorsque vous consultez le site www.histoiredyvoir.fr, nous pouvons \u00eatre amen\u00e9s \u00e0 installer, sous r\u00e9serve de votre choix, diff\u00e9rents cookies et notamment des cookies publicitaires.<\/p>\n<p>QUELS TYPES DE COOKIES SONT D\u00c9POS\u00c9S PAR LE SITE WEB ?<\/p>\n<p><strong>Cookie publicitaires Google AdSense<\/strong><\/p>\n<p>Des services tiers de publicit\u00e9s comme la r\u00e9gie Adsense (et ses partenaires) contr\u00f4lent des cookies depuis leurs espaces publicitaires. Pour en savoir plus sur les annonces cibl\u00e9es de Google, cliquez sur le lien suivant :&lt;a href=\u00a0\u00bbhttp:\/\/www.google.com\/intl\/fr\/policies\/privacy\/\u00a0\u00bb&gt; r\u00e8gles de confidentialit\u00e9&lt;\/a&gt;<\/p>\n<p>Le pr\u00e9sent site Internet n\u2019est pas responsable de la gestion et de la dur\u00e9e de vie de ces cookies tiers et vous invite \u00e0 prendre connaissance de la politique de chacun de ces prestataires.<\/p>\n<p>Ils ont pour but de vous adresser des publicit\u00e9s personnalis\u00e9es adapt\u00e9es \u00e0 vos attentes. Aucune donn\u00e9es personnelles telles que vos nom, pr\u00e9nom, adresse postale ou \u00e9lectronique, etc. ne sera transmis \u00e0 ces tiers partenaires dont l\u2019intervention sur le site web se limite au d\u00e9p\u00f4t de cookie par le biais des contenus publicitaires qu\u2019ils g\u00e8rent.<\/p>\n<p>Le pr\u00e9sent site Web et n\u2019a aucun contr\u00f4le sur ces cookies.<\/p>\n<p><strong>Cookies de Statistiques Google Analytics<\/strong><\/p>\n<p>Ces cookies permettent d\u2019\u00e9tablir des statistiques de fr\u00e9quentation des sites jeanviet.info et blogbuster.fr et de d\u00e9tecter des probl\u00e8mes de navigation afin de suivre et d\u2019am\u00e9liorer la qualit\u00e9 de nos services.<\/p>\n<p>Exercez vos choix selon le navigateur que vous utilisez<\/p>\n<p>Vous pouvez \u00e0 tout moment param\u00e9trer votre navigateur afin d\u2019exprimer et de modifier vos souhaits en mati\u00e8re de cookies et notamment concernant les cookies de statistique. Vous pouvez exprimer vos choix en param\u00e9trant votre navigateur de fa\u00e7on \u00e0 refuser certains cookies.<\/p>\n<p>Si vous refusez nos cookies et ceux de nos partenaires, votre visite ne sera plus comptabilis\u00e9e dans Google Analytics et vous ne pourrez plus b\u00e9n\u00e9ficier d\u2019un certain nombre de fonctionnalit\u00e9s qui sont n\u00e9anmoins n\u00e9cessaires pour naviguer dans certaines de nos pages.<br \/>\nNous vous informons que vous pouvez toutefois vous opposer \u00e0 l\u2019enregistrement de cookies en suivant le mode op\u00e9ratoire disponible ci-dessous :<\/p>\n<p>&lt;strong&gt;Sur Internet Explorer&lt;\/strong&gt;<br \/>\n1. Allez dans Outils &gt; Options Internet.<br \/>\n2. Cliquez sur l\u2019onglet confidentialit\u00e9.<br \/>\n3. Cliquez sur le bouton avanc\u00e9, cochez la case \u00bb Ignorer la gestion automatique des cookies \u00bb.<\/p>\n<p><strong>Sur Firefox<\/strong><br \/>\n1. En haut de la fen\u00eatre de Firefox, cliquez sur le bouton Firefox (menu Outils sous Windows XP), puis s\u00e9lectionnez Options.<br \/>\n2. S\u00e9lectionnez le panneau Vie priv\u00e9e.<br \/>\n3. Param\u00e9trez R\u00e8gles de conservation : \u00e0 utiliser les param\u00e8tres personnalis\u00e9s pour l\u2019historique.<br \/>\n4. D\u00e9cochez Accepter les cookies.<\/p>\n<p><strong>Sur Chrome<\/strong><br \/>\n1. Cliquez sur l\u2019ic\u00f4ne repr\u00e9sentant une cl\u00e9 \u00e0 molette qui est situ\u00e9e dans la barre d\u2019outils du navigateur.<br \/>\n2. S\u00e9lectionnez Param\u00e8tres.<br \/>\n3. Cliquez sur Afficher les param\u00e8tres avanc\u00e9s.<br \/>\n4. Dans la section \u00ab Confidentialit\u00e9 \u00bb, cliquez sur le bouton Param\u00e8tres de contenu.<br \/>\n5. Dans la section \u00ab Cookies \u00bb, vous pouvez bloquer les cookies et donn\u00e9es de sites tiers<\/p>\n<p><strong>Sur Safari<\/strong><br \/>\n1. Allez dans R\u00e9glages &gt; Pr\u00e9f\u00e9rences<br \/>\n2. Cliquez sur l\u2019onglet Confidentialit\u00e9<br \/>\n3. Dans la zone \u00bb Bloquer les cookies \u00ab , cochez la case \u00ab toujours \u00bb<\/p>\n<p><strong>Sur Op\u00e9ra<\/strong><br \/>\n1. Allez dans R\u00e9glages &gt; Pr\u00e9f\u00e9rences<br \/>\n2. Cliquez sur l\u2019onglet avanc\u00e9es<br \/>\n3. Dans la zone \u00bb Cookies \u00ab , cochez la case \u00bb Ne jamais accepter les cookies \u00bb<\/p>\n<p><strong>les cookies de partage des r\u00e9seaux sociaux<\/strong><\/p>\n<p>Sur certaines pages du site figurent des boutons ou modules de r\u00e9seaux sociaux tiers qui vous permettent d\u2019exploiter les fonctionnalit\u00e9s de ces r\u00e9seaux et en particulier de partager des contenus pr\u00e9sents avec d\u2019autres personnes.<br \/>\nLorsque vous vous rendez sur une page internet sur laquelle se trouve un de ces boutons ou modules, votre navigateur peut envoyer des informations au r\u00e9seau social qui peut alors associer cette visualisation \u00e0 votre profil.<\/p>\n<p>Des cookies des r\u00e9seaux sociaux, dont nous n\u2019avons pas la ma\u00eetrise, peuvent \u00eatre alors \u00eatre d\u00e9pos\u00e9s dans votre navigateur par ces r\u00e9seaux. Nous vous invitons \u00e0 consulter les politiques de confidentialit\u00e9 propres \u00e0 chacun de ces sites de r\u00e9seaux sociaux, afin de prendre connaissance des finalit\u00e9s d\u2019utilisation des informations de navigation que peuvent recueillir les r\u00e9seaux sociaux gr\u00e2ce \u00e0 ces boutons et modules.<br \/>\n\u2013 Facebook<br \/>\n\u2013 Twitter<br \/>\n\u2013 Google+<\/p>\n","protected":false},"excerpt":{"rendered":"<p>MENTIONS RELATIVES AUX COOKIES &lt;strong&gt;Qu\u2019est-ce qu\u2019un cookie et \u00e0 quoi sert-il ?&lt;\/strong&gt; Un cookie (ou t\u00e9moin de connexion) est un fichier texte susceptible d\u2019\u00eatre enregistr\u00e9, sous r\u00e9serve de vos choix, dans un espace d\u00e9di\u00e9 du disque dur de votre terminal (ordinateur, tablette \u2026) \u00e0 l\u2019occasion de la consultation d\u2019un service en ligne gr\u00e2ce \u00e0 votre [&hellip;]<\/p>\n","protected":false},"author":1,"featured_media":0,"parent":0,"menu_order":0,"comment_status":"closed","ping_status":"closed","template":"template-full-width.php","meta":{"footnotes":""},"jetpack_sharing_enabled":true,"_links":{"self":[{"href":"https:\/\/www.histoiredyvoir.fr\/index.php\/wp-json\/wp\/v2\/pages\/48"}],"collection":[{"href":"https:\/\/www.histoiredyvoir.fr\/index.php\/wp-json\/wp\/v2\/pages"}],"about":[{"href":"https:\/\/www.histoiredyvoir.fr\/index.php\/wp-json\/wp\/v2\/types\/page"}],"author":[{"embeddable":true,"href":"https:\/\/www.histoiredyvoir.fr\/index.php\/wp-json\/wp\/v2\/users\/1"}],"replies":[{"embeddable":true,"href":"https:\/\/www.histoiredyvoir.fr\/index.php\/wp-json\/wp\/v2\/comments?post=48"}],"version-history":[{"count":2,"href":"https:\/\/www.histoiredyvoir.fr\/index.php\/wp-json\/wp\/v2\/pages\/48\/revisions"}],"predecessor-version":[{"id":51,"href":"https:\/\/www.histoiredyvoir.fr\/index.php\/wp-json\/wp\/v2\/pages\/48\/revisions\/51"}],"wp:attachment":[{"href":"https:\/\/www.histoiredyvoir.fr\/index.php\/wp-json\/wp\/v2\/media?parent=48"}],"curies":[{"name":"wp","href":"https:\/\/api.w.org\/{rel}","templated":true}]}}